{"id":415,"date":"2020-03-30T09:56:01","date_gmt":"2020-03-30T07:56:01","guid":{"rendered":"https:\/\/maishamema.sundsodden.no\/?page_id=415"},"modified":"2026-01-12T17:22:25","modified_gmt":"2026-01-12T17:22:25","slug":"get-involved","status":"publish","type":"page","link":"https:\/\/maishamema.org\/no\/get-involved\/","title":{"rendered":"Engasjer deg!"},"content":{"rendered":"\n<h4 class=\"wp-block-heading\"><strong>Hva kan du gj\u00f8re?<\/strong>                                                    <\/h4>\n\n\n\n<div class=\"wp-block-columns is-layout-flex wp-container-core-columns-layout-1 wp-block-columns-is-layout-flex\">\n<div class=\"wp-block-column is-layout-flow wp-block-column-is-layout-flow\" style=\"flex-basis:66.66%\">\n<p>Vi pleier \u00e5 si at hva vi gj\u00f8r kan synes som en dr\u00e5pe i h\u00e5pl\u00f8shetens hav.  Men det betyr <strong><em>alt<\/em><\/strong> for barna som vi hjelper!  Vi finner det derfor flott at folk over hele verden kan f\u00e5 sjansen til \u00e5 &laquo;<strong><em>gj\u00f8re den store forskjellen<\/em><\/strong>&raquo; for et barn i Nairobi &#8211; ved regelmesssig \u00e5 st\u00f8tte et barn som personlig fadder, eller gjennom generell st\u00f8tte til arbeidet v\u00e5rt i slummen.&nbsp;<\/p>\n<\/div>\n\n\n\n<div class=\"wp-block-column is-layout-flow wp-block-column-is-layout-flow\" style=\"flex-basis:33.33%\">\n<figure class=\"wp-block-image size-large is-resized\"><img loading=\"lazy\" decoding=\"async\" width=\"929\" height=\"1024\" src=\"https:\/\/maishamema.org\/no\/wp-content\/uploads\/sites\/2\/2020\/07\/Marianne-1-929x1024.jpg\" alt=\"\" class=\"wp-image-523\" style=\"width:209px;height:230px\" srcset=\"https:\/\/maishamema.org\/no\/wp-content\/uploads\/sites\/2\/2020\/07\/Marianne-1-929x1024.jpg 929w, https:\/\/maishamema.org\/no\/wp-content\/uploads\/sites\/2\/2020\/07\/Marianne-1-272x300.jpg 272w, https:\/\/maishamema.org\/no\/wp-content\/uploads\/sites\/2\/2020\/07\/Marianne-1-768x847.jpg 768w, https:\/\/maishamema.org\/no\/wp-content\/uploads\/sites\/2\/2020\/07\/Marianne-1-1393x1536.jpg 1393w, https:\/\/maishamema.org\/no\/wp-content\/uploads\/sites\/2\/2020\/07\/Marianne-1-1857x2048.jpg 1857w, https:\/\/maishamema.org\/no\/wp-content\/uploads\/sites\/2\/2020\/07\/Marianne-1-816x900.jpg 816w\" sizes=\"(max-width: 929px) 100vw, 929px\" \/><\/figure>\n<\/div>\n<\/div>\n\n\n\n<h4 class=\"wp-block-heading\"> <strong>Maisha Mema fadder eller st\u00f8ttespiller<\/strong>  <\/h4>\n\n\n\n<p>V\u00e5rt hovedarbeidsomr\u00e5de er Soweto-slummen.  Over 280 barn er for tiden st\u00f8ttet der.  St\u00f8tten dekker alt som har \u00e5 gj\u00f8re med skole, og ogs\u00e5 medisinsk omsorg.  Barna f\u00e5r lunsj 5 ganger i uken p\u00e5 skolen, og i Klubbhuset p\u00e5 l\u00f8rdag.  Fra skolen kommer barna til Klubbhuset for \u00e5 f\u00e5 hjelp med leksene.  Dermed sikrer vi ogs\u00e5 at de har en sikrere hverdag vekke fra bare \u00e5 vandre omkring i slummen.  Og alle barna er ogs\u00e5 involvert i forskjellige aktiviteter i Klubbhuset som sport, sang, dans, kunst og h\u00e5ndverk og andre ting.  <strong>Ved \u00e5 gi minimum 250 kroner m\u00e5neden<\/strong>, redder du faktisk et barn fra slummen eller gata, og gir dette barnet en mulighet for \u00e5 bli en ressurs i nabolaget.  Du f\u00e5r en liten &#8216;livshistorie&#8217; og et bilde av barnet &#8216;ditt&#8217;, og kan brevveksle med ham eller henne.  Og selvsagt bes\u00f8ke barnet hvis du kommer til Kenya \ud83d\ude0a.&nbsp;                          <\/p>\n\n\n\n<h4 class=\"wp-block-heading\">\u00c5 st\u00f8tte et barn i barnehjemmet <strong>Maisha Mema Children&#8217;s Home<\/strong> <\/h4>\n\n\n\n<p>Vi regner normalt sett tre ganger s\u00e5 mye for \u00e5 st\u00f8tte et barn i barnehjemmet enn et barn i slummen.  S\u00e5 for <strong>750 kroner m\u00e5neden<\/strong> gir du et barn et trygg plass i barnehjemmet.  Dette inkluderer en seng og tak over hodet, mat, kl\u00e6r, skolegang og trygghet som ligger i familie-settingen.  Du f\u00e5r selvsagt ogs\u00e5 her en liten &#8216;livshistorie&#8217; og et bilde av barnet &#8216;ditt&#8217;, og kan brevveksle med barnet.  Ettersom barna i denne kategorien er relativt &#8216;dyre&#8217; kan de ogs\u00e5 passe for en bibelgruppe, en gruppe med venner, en storfamilie eller en skoleklasse.  Og du kan ogs\u00e5 bes\u00f8ke disse barna!  \ud83d\ude0a<\/p>\n\n\n\n<h4 class=\"wp-block-heading\"><strong>Vennskap er viktig! <\/strong><\/h4>\n\n\n\n<p>Som du kan lese om p\u00e5 siden om Klubbhuset, s\u00e5 er forskjellige aktiviteter for barna veldig viktige.  Det gjelder kunst og h\u00e5ndverk, fotball og andre sportsaktiviteter som gj\u00f8r at barna bruker b\u00e5de hode og kropp p\u00e5 en sunn m\u00e5te som ogs\u00e5 bygger vennskap.  S\u00e6rlig noen av jentene, som ellers &#8211; s\u00e6rlig i slummen &#8211; ofte er behandlet veldig d\u00e5rlig, kan se deres selvbilde bli bedre gjennom disse aktivitetene.   De samme aktivitetene foreg\u00e5r ogs\u00e5 i skoleferiene, og vi hindrer dermed ogs\u00e5 barna i falle tilbake i destruktive vaner som narkotika, sex og bare vandre omkring.  P\u00e5 denne m\u00e5ten er Klubbhus-aktivitetene definitivt ogs\u00e5 et sosialt rehabiliteringsprogram \ud83d\ude0a.&nbsp;<\/p>\n\n\n\n<p><strong>Vi finner det ekstremt viktig, at det \u00e5 st\u00f8tte et barn i Maisha Mema programmet ikke <em>bare<\/em> handler om finansiell st\u00f8tte for skole og andre n\u00f8dvendige ting. <\/strong><\/p>\n\n\n\n<p>Det viktigste er de relasjonene vi bygger med disse barna.  Vi tror fullt og fast p\u00e5 det \u00e5 utvikle vennskap, tillit og omsorg.  Og dette kan ikke kj\u00f8pes med penger&#8230;  Hvis vi ogs\u00e5 nevner at alle barna i programmet er sikret medisinsk omsorg gjennom st\u00f8tten, f\u00f8ler vi at muligheten for disse barna til \u00e5 vokse opp til \u00e5 bli nyttige samfunnsborgere er ganske s\u00e5 stor! &nbsp;\ud83d\ude0a<\/p>\n\n\n\n<p>Som nevnt f\u00e5r du en liten &#8216;livshistorie&#8217; og et bilde av barnet &#8216;ditt&#8217; n\u00e5r du blir fadder, og kan brevveksle med barnet.  P\u00e5 denne m\u00e5ten kan ogs\u00e5 vennskap bygges over lande- og kulturgrenser og bidra til at disse barna blir enda mer elsket og tatt vare p\u00e5. &nbsp;<\/p>\n\n\n\n<p>Du kan ogs\u00e5 &laquo;<strong>Gi en ny fadder<\/strong>&laquo;!  Hvis du forteller om oss til andre og skaffer nye faddere til Maisha Mema, har du brukt tiden din bra og gir andre barn en sjanse i livet! \ud83d\ude0a  Og for deg som tror p\u00e5 Jesus kan du ogs\u00e5 &laquo;<strong>Gi en b\u00f8nn<\/strong>&laquo;!&nbsp; Barn og voksne i Nairobi trenger venner som tenker p\u00e5 dem, har omsorg for dem og ber for dem &#8211; i en hverdag som ikke alltid er like lett \u00e5 klare alene!<\/p>\n\n\n\n<p><strong>Skriv til oss hvis du vil gi en gave, bli <a href=\"https:\/\/maishamema.org\/no\/sponsorship\/\">fadder eller st\u00f8ttespiller<\/a><\/strong>, eller har et sp\u00f8rsm\u00e5l! \ud83d\ude0a <strong>  <\/strong>  <\/p>\n\n\n\n<p><strong>Vi synes det er hyggelig \u00e5 h\u00f8re fra deg!<\/strong> \ud83d\ude0a <br><strong>E-mail:<\/strong> <strong><a href=\"mailto:info@maishamema.org\">jonny-m@online.no<\/a><\/strong><\/p>\n","protected":false},"excerpt":{"rendered":"<p>Hva kan du gj\u00f8re? Vi pleier \u00e5 si at hva vi gj\u00f8r kan synes som en dr\u00e5pe i h\u00e5pl\u00f8shetens hav. Men det betyr alt for barna som vi hjelper! Vi finner det derfor flott at folk over hele verden kan f\u00e5 sjansen til \u00e5 &laquo;gj\u00f8re den store forskjellen&raquo; for et barn i Nairobi &#8211; ved [&hellip;]<\/p>\n","protected":false},"author":1,"featured_media":0,"parent":0,"menu_order":0,"comment_status":"closed","ping_status":"closed","template":"","meta":{"footnotes":""},"_links":{"self":[{"href":"https:\/\/maishamema.org\/no\/wp-json\/wp\/v2\/pages\/415"}],"collection":[{"href":"https:\/\/maishamema.org\/no\/wp-json\/wp\/v2\/pages"}],"about":[{"href":"https:\/\/maishamema.org\/no\/wp-json\/wp\/v2\/types\/page"}],"author":[{"embeddable":true,"href":"https:\/\/maishamema.org\/no\/wp-json\/wp\/v2\/users\/1"}],"replies":[{"embeddable":true,"href":"https:\/\/maishamema.org\/no\/wp-json\/wp\/v2\/comments?post=415"}],"version-history":[{"count":6,"href":"https:\/\/maishamema.org\/no\/wp-json\/wp\/v2\/pages\/415\/revisions"}],"predecessor-version":[{"id":560,"href":"https:\/\/maishamema.org\/no\/wp-json\/wp\/v2\/pages\/415\/revisions\/560"}],"wp:attachment":[{"href":"https:\/\/maishamema.org\/no\/wp-json\/wp\/v2\/media?parent=415"}],"curies":[{"name":"wp","href":"https:\/\/api.w.org\/{rel}","templated":true}]}}