{"id":259,"date":"2020-03-29T19:54:05","date_gmt":"2020-03-29T17:54:05","guid":{"rendered":"https:\/\/maishamema.sundsodden.no\/?page_id=259"},"modified":"2020-07-20T15:56:03","modified_gmt":"2020-07-20T15:56:03","slug":"home-2","status":"publish","type":"page","link":"https:\/\/maishamema.org\/no\/","title":{"rendered":"Sammen kan vi gj\u00f8re utrolige ting!"},"content":{"rendered":"\n<h3 class=\"wp-block-heading\">Gj\u00f8re utrolige ting?<\/h3>\n\n\n\n<p>Maisha Mema er en veldedig barneinstitusjon i Tigoni og et klubbhus i Soweto-slummen i Nairobi. Over 40 barn bor sammen med Maisha Mema-staben som en stor familie i Tigoni, og vi har til enhver tid nesten 300 barn som deltar i programmet p\u00e5 Klubbhuset i Soweto.<\/p>\n\n\n\n<p>Det vi gj\u00f8r kan virke som dr\u00e5per i h\u00e5pl\u00f8shetens hav, men det betyr <strong><em>alt<\/em><\/strong> for de barna som f\u00e5r en sjanse i livet! Dette er grunnen til at det er s\u00e5 viktig!<\/p>\n\n\n\n<figure class=\"wp-block-image size-large\"><img loading=\"lazy\" decoding=\"async\" width=\"2560\" height=\"397\" src=\"https:\/\/maishamema.org\/no\/wp-content\/uploads\/sites\/2\/2020\/01\/Gutt_ved_porten_fotballbanen-scaled-1.jpg\" alt=\"Gutt st\u00e5r ved port\" class=\"wp-image-238\" srcset=\"https:\/\/maishamema.org\/no\/wp-content\/uploads\/sites\/2\/2020\/01\/Gutt_ved_porten_fotballbanen-scaled-1.jpg 2560w, https:\/\/maishamema.org\/no\/wp-content\/uploads\/sites\/2\/2020\/01\/Gutt_ved_porten_fotballbanen-scaled-1-300x47.jpg 300w, https:\/\/maishamema.org\/no\/wp-content\/uploads\/sites\/2\/2020\/01\/Gutt_ved_porten_fotballbanen-scaled-1-1024x159.jpg 1024w, https:\/\/maishamema.org\/no\/wp-content\/uploads\/sites\/2\/2020\/01\/Gutt_ved_porten_fotballbanen-scaled-1-768x119.jpg 768w, https:\/\/maishamema.org\/no\/wp-content\/uploads\/sites\/2\/2020\/01\/Gutt_ved_porten_fotballbanen-scaled-1-1536x238.jpg 1536w, https:\/\/maishamema.org\/no\/wp-content\/uploads\/sites\/2\/2020\/01\/Gutt_ved_porten_fotballbanen-scaled-1-2048x318.jpg 2048w, https:\/\/maishamema.org\/no\/wp-content\/uploads\/sites\/2\/2020\/01\/Gutt_ved_porten_fotballbanen-scaled-1-1366x212.jpg 1366w\" sizes=\"(max-width: 2560px) 100vw, 2560px\" \/><\/figure>\n\n\n\n<p>Sammen kan vi gj\u00f8re utrolige ting for disse barna. De som allerede st\u00f8tter arbeidet vi gj\u00f8r blant barn i Nairobi, har definitivt utgjort en utrolig forskjell for barna de er sponsorer for. Hvert \u00e5r blir nye barn tatt opp i programmet, og med din hjelp kan vi n\u00e5 enda flere. Vi &#8211; personalet, barna i Maisha Mema, og Marianne og Jonny &#8211; \u00f8nsker \u00e5 uttrykke v\u00e5r takknemlighet til alle dere som st\u00f8tter oss i dette arbeidet.<\/p>\n\n\n\n<p>Hvis du er interessert i \u00e5 sponse en gutt eller jente i programmet, kan du sjekke siden <strong><em><a href=\"https:\/\/maishamema.org\/no\/get-involved\/\">Bli involvert<\/a><\/em><\/strong> og deretter <em><strong><a href=\"https:\/\/maishamema.org\/no\/sponsorship\/\">Bli sponsor<\/a><\/strong><\/em>.<\/p>\n\n\n\n<p class=\"has-text-align-left\"><strong>Velkommen som en del av familien.<\/strong><\/p>\n","protected":false},"excerpt":{"rendered":"<p>Gj\u00f8re utrolige ting? Maisha Mema er en veldedig barneinstitusjon i Tigoni og et klubbhus i Soweto-slummen i Nairobi. Over 40 barn bor sammen med Maisha Mema-staben som en stor familie i Tigoni, og vi har til enhver tid nesten 300 barn som deltar i programmet p\u00e5 Klubbhuset i Soweto. Det vi gj\u00f8r kan virke som [&hellip;]<\/p>\n","protected":false},"author":1,"featured_media":410,"parent":0,"menu_order":0,"comment_status":"closed","ping_status":"closed","template":"","meta":{"footnotes":""},"_links":{"self":[{"href":"https:\/\/maishamema.org\/no\/wp-json\/wp\/v2\/pages\/259"}],"collection":[{"href":"https:\/\/maishamema.org\/no\/wp-json\/wp\/v2\/pages"}],"about":[{"href":"https:\/\/maishamema.org\/no\/wp-json\/wp\/v2\/types\/page"}],"author":[{"embeddable":true,"href":"https:\/\/maishamema.org\/no\/wp-json\/wp\/v2\/users\/1"}],"replies":[{"embeddable":true,"href":"https:\/\/maishamema.org\/no\/wp-json\/wp\/v2\/comments?post=259"}],"version-history":[{"count":4,"href":"https:\/\/maishamema.org\/no\/wp-json\/wp\/v2\/pages\/259\/revisions"}],"predecessor-version":[{"id":532,"href":"https:\/\/maishamema.org\/no\/wp-json\/wp\/v2\/pages\/259\/revisions\/532"}],"wp:featuredmedia":[{"embeddable":true,"href":"https:\/\/maishamema.org\/no\/wp-json\/wp\/v2\/media\/410"}],"wp:attachment":[{"href":"https:\/\/maishamema.org\/no\/wp-json\/wp\/v2\/media?parent=259"}],"curies":[{"name":"wp","href":"https:\/\/api.w.org\/{rel}","templated":true}]}}