{"id":433,"date":"2020-03-30T13:50:18","date_gmt":"2020-03-30T11:50:18","guid":{"rendered":"https:\/\/maishamema.sundsodden.no\/?page_id=433"},"modified":"2021-01-03T09:51:08","modified_gmt":"2021-01-03T09:51:08","slug":"soweto-club-house","status":"publish","type":"page","link":"https:\/\/maishamema.org\/de\/soweto-club-house\/","title":{"rendered":"Das Club House im Soweto Slum"},"content":{"rendered":"\n<p>Maisha Mema arbeitet im Soweto Slum, eines der unz\u00e4hligen Slums in der 4-Millionen-Stadt Nairobi, der Hauptstadt Kenias.&nbsp;Weit \u00fcber eine Million Kinder leben in den Slums von Nairobi. Oft ist der Unterschied zwischen einem Slum- und Strassenkind nicht klar, zumal sich viele der Slumkinder auch auf der Strasse herumtreiben. Ein Slumkind davor zu bewahren, auf der Strasse zu landen, ist aus unserer Sicht eine \u00e4usserst wertvolle Investition. Aus diesem Grund haben wir das Clubhaus im Soweto Slum von Nairobi und es ist eine Oase, ein Ort der Geborgenheit f\u00fcr \u00fcber 280 Kinder. Dort&nbsp;wird den Kindern eine Tagesstruktur gegeben, um zu verhindern, dass sie auf der Strasse leben m\u00fcssen.<\/p>\n\n\n\n<p>Im&nbsp;Club House helfen wir jeden Tag nach der Schule \u00fcber&nbsp;150 Kindern bei den Hausaufgaben. In den Ferien und w\u00e4hrend den Wochenenden singen, spielen und basteln wir mit den Kindern oder sie spielen Theater, tanzen, machen Sport oder sonstige Aktivit\u00e4ten. Viele Kinder brauchen auch \u00e4rztliche Betreuung. W\u00fcrmer, Kr\u00e4tze, Ringelflechte, L\u00e4use und Wunden sind oft anzutreffen. Wir haben mehrere Fussballteams f\u00fcr Knaben und auch ein Team f\u00fcr M\u00e4dchen. Lesen und Schreiben lernen, spielen und Sport machen, zeichnen und basteln, singen und Theater spielen und Jesus kennen lernen sind gute Alternativen zum Strassenleben! Viele Kinder wissen nicht, was eine gute Mutter oder ein guter Vater ist. Ihr Bild von Erwachsenen ist gest\u00f6rt, da sie &#8211; um es mild auszudr\u00fccken &#8211; zu Hause eine unsichere famili\u00e4re Situation erleben. F\u00fcr viele Kinder beginnt die Zukunft im Clubhaus.<\/p>\n\n\n\n<div class=\"wp-block-image\"><figure class=\"aligncenter size-large\"><img decoding=\"async\" src=\"http:\/\/maishamema.org\/wp-content\/uploads\/2020\/03\/2018-Soweto-new-uniforms-and-bags-ed-red.jpg\" alt=\"\" class=\"wp-image-441\" \/><\/figure><\/div>\n\n\n\n<p><\/p>\n\n\n\n<div class=\"wp-block-columns is-layout-flex wp-container-core-columns-layout-1 wp-block-columns-is-layout-flex\">\n<div class=\"wp-block-column is-layout-flow wp-block-column-is-layout-flow\">\n<figure class=\"wp-block-image size-large\"><img loading=\"lazy\" decoding=\"async\" width=\"378\" height=\"400\" src=\"http:\/\/maishamema.org\/wp-content\/uploads\/2020\/03\/2017-Soweto-10-prep-birthday.jpg\" alt=\"\" class=\"wp-image-436\" srcset=\"https:\/\/maishamema.org\/de\/wp-content\/uploads\/sites\/3\/2020\/03\/2017-Soweto-10-prep-birthday.jpg 378w, https:\/\/maishamema.org\/de\/wp-content\/uploads\/sites\/3\/2020\/03\/2017-Soweto-10-prep-birthday-284x300.jpg 284w\" sizes=\"(max-width: 378px) 100vw, 378px\" \/><figcaption>Some of the preparatory class children (formerly called  &#8222;morning children&#8220;; first year children in Clubhouse)  have never before understood the concept of &#8218;birthday&#8216;.&nbsp;  But obviously, they like the idea \ud83d\ude42<\/figcaption><\/figure>\n\n\n\n<figure class=\"wp-block-image size-large\"><img loading=\"lazy\" decoding=\"async\" width=\"450\" height=\"225\" src=\"http:\/\/maishamema.org\/wp-content\/uploads\/2020\/03\/2017-Soweto-02-16-morgenbarn.jpg\" alt=\"\" class=\"wp-image-437\" srcset=\"https:\/\/maishamema.org\/de\/wp-content\/uploads\/sites\/3\/2020\/03\/2017-Soweto-02-16-morgenbarn.jpg 450w, https:\/\/maishamema.org\/de\/wp-content\/uploads\/sites\/3\/2020\/03\/2017-Soweto-02-16-morgenbarn-300x150.jpg 300w\" sizes=\"(max-width: 450px) 100vw, 450px\" \/><figcaption>The Preparatory Class (formerly  called &#8222;morning children&#8220;; first year children learning  in Clubhouse) is a big group this year, here together  with their teacher Karimi.&nbsp; After the preparatory  year in Clubhouse we take them to good public schools to  compete on par with children outside the slums.<\/figcaption><\/figure>\n\n\n\n<figure class=\"wp-block-image size-large\"><img loading=\"lazy\" decoding=\"async\" width=\"500\" height=\"329\" src=\"http:\/\/maishamema.org\/wp-content\/uploads\/2020\/03\/2015-Soweto-11-07-Christmas-picture-53-ed-red.jpg\" alt=\"\" class=\"wp-image-438\" srcset=\"https:\/\/maishamema.org\/de\/wp-content\/uploads\/sites\/3\/2020\/03\/2015-Soweto-11-07-Christmas-picture-53-ed-red.jpg 500w, https:\/\/maishamema.org\/de\/wp-content\/uploads\/sites\/3\/2020\/03\/2015-Soweto-11-07-Christmas-picture-53-ed-red-300x197.jpg 300w\" sizes=\"(max-width: 500px) 100vw, 500px\" \/><figcaption>\u00abBelonging\u00bb is a big word, and means  \u2018happiness felt in a secure relationship\u2019.&nbsp; When you  belong somewhere, there are frames around your  life.&nbsp; Marianne and Jonny belong in Maisha Mema in  Kenya, simply because we are responsible for a  multitude of children around us, either in the  Family (Maisha Mema Children\u2019s Home) in Tigoni or  Clubhouse in the Soweto slums \ud83d\ude42&nbsp; Some of these  children again, have their only belonging in the  Family.&nbsp; Others \u2013 both in the Family and Clubhouse \u2013  have a strong sense of belonging with a mother, a  grandmother.&nbsp; Very many of us also have a belonging  to the One we celebrate during Christmas.&nbsp;  Privileged are those with a belonging somewhere,  either we are in Africa or Europe \ud83d\ude42<br>   We are also very happy that we  completed Clubhouse II in Soweto this year (2015), and  early next year (2016) we\u2019ll complete the girl\u2019s extension  in Tigoni.&nbsp; Thank you so much for being part of  this!&nbsp; We hope you also feel a belonging with Maisha  Mema \ud83d\ude42&nbsp; May we all experience a strong sense of  belonging, wherever we are in the world! \ud83d\ude42<strong><em>&nbsp; <\/em><\/strong> <em>(from the 2015 Christmas card to supporters  of Maisha Mema)<\/em><\/figcaption><\/figure>\n\n\n\n<figure class=\"wp-block-image size-large\"><img decoding=\"async\" src=\"http:\/\/maishamema.org\/wp-content\/uploads\/2020\/03\/2014-Soweto-playing.jpg\" alt=\"\" class=\"wp-image-439\" \/><figcaption>What  do you do as a child when life is too hard, responsibilities too many, food too scarce and the  environment too hostile? Well, you certainly don&#8217;t  play. And you can possibly not be a child like a  child is supposed to be&#8230;&nbsp; That&#8217;s why the activities in Clubhouse are so important. Everything from choir to art &amp; craft to football, &#8211; to  just playing and having fun as the girls in the picture. Not thinking about the harsh environment out there. Being free from worrying.&nbsp; Being a child. This is also an important part that all of you  supporting Maisha Mema help to achieve. Thanks so much  for helping the children to be what they are meant to be; children in a safe environment. \ud83d\ude42<\/figcaption><\/figure>\n<\/div>\n\n\n\n<div class=\"wp-block-column is-layout-flow wp-block-column-is-layout-flow\">\n<h4 class=\"wp-block-heading\"><strong>Some of the activities going on in Clubhouse:<\/strong><\/h4>\n\n\n\n<p><strong>Sports.<\/strong> We have several teams,\nboth for boys and girls, and we also hope to have some light athletic\nactivities and a volleyball team.&nbsp; See the article&nbsp;<a href=\"http:\/\/maishamema.org\/shooting_goals.htm\">Shooting\nGoals<\/a>! <\/p>\n\n\n\n<p><strong>Choir. <\/strong>The choir in Clubhouse is divided into a young and older, so that they can sing according to their level.&nbsp; Some time more professional people come to teach them songs, and also<\/p>\n\n\n\n<p><strong>Dancing.<\/strong> We\nhave both young and older teams dancing.&nbsp; It is a very popular activity,\nalso because they learn traditional dances in order to be proud of their cultural\nheritage.&nbsp;<\/p>\n\n\n\n<p><strong>Drama.<\/strong><strong> <\/strong>When the children are playing a drama, it is\nmuch easier to understand &#8211; and pass on &#8211; a message.&nbsp; Popular topics may\nbe about alcoholism, drugs, HIV, family-life and so on.&nbsp; <\/p>\n\n\n\n<p><strong>Art and Craft.<\/strong> In Clubhouse, the children are encouraged to do art and crafts. In this way, they get a better self-image when they see they can master this, and also get some skills for the future.&nbsp;All of them are talented!<\/p>\n\n\n\n<p><strong>Bible Studies.<\/strong> Through down-to-earth-level Bible-studies coupled with singing and other activities, we want the children to know the Bible in order for them to take a stand for Jesus and achieve good moral standards.&nbsp;<\/p>\n\n\n\n<p><strong>Outdoor Activities. <\/strong>Camping and other outings are on the program!&nbsp; These activities mainly go on during the school holidays, and are partly depending on donors to make a contribution towards this.<\/p>\n\n\n\n<p><strong>Environmental Care. <\/strong>Clean-ups in the slums are some times exercised. The children &#8211; but also their parents &#8211; are made to be aware of their environment and develop good attitudes. Ultimately, this is benefiting the whole community.&nbsp;<\/p>\n\n\n\n<p><strong>Check the article by Fredrick Oguttu where he reflects on &#8222;<a href=\"http:\/\/maishamema.org\/Tears.htm\">TEARS<\/a>&#8222;.&nbsp;Well worth reading! <\/strong><\/p>\n<\/div>\n<\/div>\n","protected":false},"excerpt":{"rendered":"<p>Maisha Mema arbeitet im Soweto Slum, eines der unz\u00e4hligen Slums in der 4-Millionen-Stadt Nairobi, der Hauptstadt Kenias.&nbsp;Weit \u00fcber eine Million Kinder leben in den Slums von Nairobi. Oft ist der Unterschied zwischen einem Slum- und Strassenkind nicht klar, zumal sich viele der Slumkinder auch auf der Strasse herumtreiben. Ein Slumkind davor zu bewahren, auf der [&hellip;]<\/p>\n","protected":false},"author":1,"featured_media":0,"parent":0,"menu_order":0,"comment_status":"closed","ping_status":"closed","template":"","meta":{"footnotes":""},"_links":{"self":[{"href":"https:\/\/maishamema.org\/de\/wp-json\/wp\/v2\/pages\/433"}],"collection":[{"href":"https:\/\/maishamema.org\/de\/wp-json\/wp\/v2\/pages"}],"about":[{"href":"https:\/\/maishamema.org\/de\/wp-json\/wp\/v2\/types\/page"}],"author":[{"embeddable":true,"href":"https:\/\/maishamema.org\/de\/wp-json\/wp\/v2\/users\/1"}],"replies":[{"embeddable":true,"href":"https:\/\/maishamema.org\/de\/wp-json\/wp\/v2\/comments?post=433"}],"version-history":[{"count":4,"href":"https:\/\/maishamema.org\/de\/wp-json\/wp\/v2\/pages\/433\/revisions"}],"predecessor-version":[{"id":552,"href":"https:\/\/maishamema.org\/de\/wp-json\/wp\/v2\/pages\/433\/revisions\/552"}],"wp:attachment":[{"href":"https:\/\/maishamema.org\/de\/wp-json\/wp\/v2\/media?parent=433"}],"curies":[{"name":"wp","href":"https:\/\/api.w.org\/{rel}","templated":true}]}}