{"id":333,"date":"2020-03-29T22:50:51","date_gmt":"2020-03-29T20:50:51","guid":{"rendered":"https:\/\/maishamema.sundsodden.no\/?page_id=333"},"modified":"2020-07-20T09:28:17","modified_gmt":"2020-07-20T09:28:17","slug":"welcome-to-maisha-mema-childrens-home-in-tigoni","status":"publish","type":"page","link":"https:\/\/maishamema.org\/de\/welcome-to-maisha-mema-childrens-home-in-tigoni\/","title":{"rendered":"Willkommen im Maisha Mema Children&#8217;s Home in Tigoni!"},"content":{"rendered":"\n<p><strong><strong>Maisha Mema Kinderheim \u00a0<\/strong>ist ein registriertes Kinderheim. Hier d\u00fcrfen Waisenkinder und Kinder ohne sicheres Zuhause wohlbehalten in einem liebevollen Umfeld heranwachsen. Wir leben mit 2 Hausm\u00fctter und einem Hausvater auf dem Gel\u00e4nde tag\u00fcber werden wir von weiteren Helfern unterst\u00fctzt.<\/strong><\/p>\n\n\n\n<figure class=\"wp-block-image size-large\"><img loading=\"lazy\" decoding=\"async\" width=\"1920\" height=\"1080\" src=\"https:\/\/maishamema.org\/de\/wp-content\/uploads\/sites\/3\/2020\/03\/P1080310.jpg\" alt=\"\" class=\"wp-image-336\" srcset=\"https:\/\/maishamema.org\/de\/wp-content\/uploads\/sites\/3\/2020\/03\/P1080310.jpg 1920w, https:\/\/maishamema.org\/de\/wp-content\/uploads\/sites\/3\/2020\/03\/P1080310-300x169.jpg 300w, https:\/\/maishamema.org\/de\/wp-content\/uploads\/sites\/3\/2020\/03\/P1080310-1024x576.jpg 1024w, https:\/\/maishamema.org\/de\/wp-content\/uploads\/sites\/3\/2020\/03\/P1080310-768x432.jpg 768w, https:\/\/maishamema.org\/de\/wp-content\/uploads\/sites\/3\/2020\/03\/P1080310-1536x864.jpg 1536w, https:\/\/maishamema.org\/de\/wp-content\/uploads\/sites\/3\/2020\/03\/P1080310-1200x675.jpg 1200w\" sizes=\"(max-width: 1920px) 100vw, 1920px\" \/><\/figure>\n\n\n\n<p><strong>Das Heim funktioniert wie eine grosse Familie. Die Kinder besuchen die Schule, helfen bei den Hausarbeiten wie z.B. Abwaschen und W\u00e4sche waschen mit. Nebst den \u04d2mtli gibt es auch viele M\u00f6glichkeiten zur Freizeitgestaltung mit Spiel, Spass, und Sport. Am Sonntag besucht die ganze Familie den Gottesdienst.<\/strong><\/p>\n\n\n\n<p><\/p>\n\n\n\n<p><\/p>\n\n\n\n<p><\/p>\n\n\n\n<figure class=\"wp-block-image size-large\"><img loading=\"lazy\" decoding=\"async\" width=\"960\" height=\"468\" src=\"https:\/\/maishamema.org\/de\/wp-content\/uploads\/sites\/3\/2020\/03\/81468748_10218661807928242_4315125703528939520_o.jpg\" alt=\"\" class=\"wp-image-461\" srcset=\"https:\/\/maishamema.org\/de\/wp-content\/uploads\/sites\/3\/2020\/03\/81468748_10218661807928242_4315125703528939520_o.jpg 960w, https:\/\/maishamema.org\/de\/wp-content\/uploads\/sites\/3\/2020\/03\/81468748_10218661807928242_4315125703528939520_o-300x146.jpg 300w, https:\/\/maishamema.org\/de\/wp-content\/uploads\/sites\/3\/2020\/03\/81468748_10218661807928242_4315125703528939520_o-768x374.jpg 768w\" sizes=\"(max-width: 960px) 100vw, 960px\" \/><figcaption>Silvester 2019<\/figcaption><\/figure>\n","protected":false},"excerpt":{"rendered":"<p>Maisha Mema Kinderheim \u00a0ist ein registriertes Kinderheim. Hier d\u00fcrfen Waisenkinder und Kinder ohne sicheres Zuhause wohlbehalten in einem liebevollen Umfeld heranwachsen. Wir leben mit 2 Hausm\u00fctter und einem Hausvater auf dem Gel\u00e4nde tag\u00fcber werden wir von weiteren Helfern unterst\u00fctzt. Das Heim funktioniert wie eine grosse Familie. Die Kinder besuchen die Schule, helfen bei den Hausarbeiten [&hellip;]<\/p>\n","protected":false},"author":1,"featured_media":220,"parent":0,"menu_order":0,"comment_status":"closed","ping_status":"closed","template":"","meta":{"footnotes":""},"_links":{"self":[{"href":"https:\/\/maishamema.org\/de\/wp-json\/wp\/v2\/pages\/333"}],"collection":[{"href":"https:\/\/maishamema.org\/de\/wp-json\/wp\/v2\/pages"}],"about":[{"href":"https:\/\/maishamema.org\/de\/wp-json\/wp\/v2\/types\/page"}],"author":[{"embeddable":true,"href":"https:\/\/maishamema.org\/de\/wp-json\/wp\/v2\/users\/1"}],"replies":[{"embeddable":true,"href":"https:\/\/maishamema.org\/de\/wp-json\/wp\/v2\/comments?post=333"}],"version-history":[{"count":3,"href":"https:\/\/maishamema.org\/de\/wp-json\/wp\/v2\/pages\/333\/revisions"}],"predecessor-version":[{"id":545,"href":"https:\/\/maishamema.org\/de\/wp-json\/wp\/v2\/pages\/333\/revisions\/545"}],"wp:featuredmedia":[{"embeddable":true,"href":"https:\/\/maishamema.org\/de\/wp-json\/wp\/v2\/media\/220"}],"wp:attachment":[{"href":"https:\/\/maishamema.org\/de\/wp-json\/wp\/v2\/media?parent=333"}],"curies":[{"name":"wp","href":"https:\/\/api.w.org\/{rel}","templated":true}]}}