{"id":259,"date":"2020-03-29T19:54:05","date_gmt":"2020-03-29T17:54:05","guid":{"rendered":"https:\/\/maishamema.sundsodden.no\/?page_id=259"},"modified":"2020-07-18T19:16:23","modified_gmt":"2020-07-18T19:16:23","slug":"home-2","status":"publish","type":"page","link":"https:\/\/maishamema.org\/de\/","title":{"rendered":"Gemeinsam k\u00f6nnen wir etwas bewirken!"},"content":{"rendered":"\n<h3 class=\"wp-block-heading\">Einen bedeutsamen Unterschied machen?<\/h3>\n\n\n\n<p>Maisha Mema ist eine gemeinn\u00fctzige Einrichtung f\u00fcr Kinder mit einem Kinderheim in Tigoni und einem Clubhaus in Soweto, Nairobi (Kenya).  41 Kinder leben zusammen mit den Mitarbeitern von Maisha Mema als grosse Familie in Tigoni.  Weitere fast 300 Kinder nehmen jeweils am Programangebot im Clubhaus in Soweto teil.<\/p>\n\n\n\n<p>Was wir tun, mag so aussehen, als w\u00fcrden wir mit einem Teel\u00f6ffel Wasser aus dem Ozean der Hoffnungslosigkeit sch\u00f6pfen, aber es bedeutet alles f\u00fcr die Kinder, die eine Chance in ihrem Leben erhalten!  Deshalb ist diese Arbeit so wichtig!<\/p>\n\n\n\n<figure class=\"wp-block-image size-large\"><img loading=\"lazy\" decoding=\"async\" width=\"2560\" height=\"397\" src=\"https:\/\/maishamema.org\/de\/wp-content\/uploads\/sites\/3\/2020\/01\/Gutt_ved_porten_fotballbanen-scaled-1.jpg\" alt=\"Gutt st\u00e5r ved port\" class=\"wp-image-238\" srcset=\"https:\/\/maishamema.org\/de\/wp-content\/uploads\/sites\/3\/2020\/01\/Gutt_ved_porten_fotballbanen-scaled-1.jpg 2560w, https:\/\/maishamema.org\/de\/wp-content\/uploads\/sites\/3\/2020\/01\/Gutt_ved_porten_fotballbanen-scaled-1-300x47.jpg 300w, https:\/\/maishamema.org\/de\/wp-content\/uploads\/sites\/3\/2020\/01\/Gutt_ved_porten_fotballbanen-scaled-1-1024x159.jpg 1024w, https:\/\/maishamema.org\/de\/wp-content\/uploads\/sites\/3\/2020\/01\/Gutt_ved_porten_fotballbanen-scaled-1-768x119.jpg 768w, https:\/\/maishamema.org\/de\/wp-content\/uploads\/sites\/3\/2020\/01\/Gutt_ved_porten_fotballbanen-scaled-1-1536x238.jpg 1536w, https:\/\/maishamema.org\/de\/wp-content\/uploads\/sites\/3\/2020\/01\/Gutt_ved_porten_fotballbanen-scaled-1-2048x318.jpg 2048w, https:\/\/maishamema.org\/de\/wp-content\/uploads\/sites\/3\/2020\/01\/Gutt_ved_porten_fotballbanen-scaled-1-1200x186.jpg 1200w, https:\/\/maishamema.org\/de\/wp-content\/uploads\/sites\/3\/2020\/01\/Gutt_ved_porten_fotballbanen-scaled-1-1980x307.jpg 1980w\" sizes=\"(max-width: 2560px) 100vw, 2560px\" \/><\/figure>\n\n\n\n<p>Sie k\u00f6nnen einen bedeutsamen Unterschied machen!  Wahr?  Auf jeden Fall haben diejenigen, die unser Projekt mit den Kindern in Nairobi unterst\u00fctzen, im Leben dieser Kinder bereits einen grossen Unterschied gemacht.  Jedes Jahr werden neue Kinder in das Programm aufgenommen, damit die Welt von noch mehr Kindern positiv  ver\u00e4ndert wird &#8211; mit Ihrer Hilfe.  Wir &#8211; die Mitarbeiter und die Kinder von Maisha Mema, Marianne und Jonny &#8211; m\u00f6chten Ihnen unseren Dank aussprechen, dass Sie uns dabei unterst\u00fctzen.<\/p>\n\n\n\n<p>Wenn Sie daran interessiert sind, einen Jungen oder ein M\u00e4dchen im Programm zu sponsern, lesen Sie bitte <em><strong><a href=\"https:\/\/maishamema.org\/de\/get-involved\/\">Machen Sie Mit!<\/a><\/strong><\/em> und <em><strong><a href=\"https:\/\/maishamema.org\/de\/sponsorship\/\">Unterst\u00fctzung<\/a><\/strong><\/em>. <\/p>\n\n\n\n<p class=\"has-text-align-left\"><strong>Willkommen in der Familie!<\/strong><\/p>\n","protected":false},"excerpt":{"rendered":"<p>Einen bedeutsamen Unterschied machen? Maisha Mema ist eine gemeinn\u00fctzige Einrichtung f\u00fcr Kinder mit einem Kinderheim in Tigoni und einem Clubhaus in Soweto, Nairobi (Kenya). 41 Kinder leben zusammen mit den Mitarbeitern von Maisha Mema als grosse Familie in Tigoni. Weitere fast 300 Kinder nehmen jeweils am Programangebot im Clubhaus in Soweto teil. Was wir tun, [&hellip;]<\/p>\n","protected":false},"author":1,"featured_media":410,"parent":0,"menu_order":0,"comment_status":"closed","ping_status":"closed","template":"","meta":{"footnotes":""},"_links":{"self":[{"href":"https:\/\/maishamema.org\/de\/wp-json\/wp\/v2\/pages\/259"}],"collection":[{"href":"https:\/\/maishamema.org\/de\/wp-json\/wp\/v2\/pages"}],"about":[{"href":"https:\/\/maishamema.org\/de\/wp-json\/wp\/v2\/types\/page"}],"author":[{"embeddable":true,"href":"https:\/\/maishamema.org\/de\/wp-json\/wp\/v2\/users\/1"}],"replies":[{"embeddable":true,"href":"https:\/\/maishamema.org\/de\/wp-json\/wp\/v2\/comments?post=259"}],"version-history":[{"count":8,"href":"https:\/\/maishamema.org\/de\/wp-json\/wp\/v2\/pages\/259\/revisions"}],"predecessor-version":[{"id":525,"href":"https:\/\/maishamema.org\/de\/wp-json\/wp\/v2\/pages\/259\/revisions\/525"}],"wp:featuredmedia":[{"embeddable":true,"href":"https:\/\/maishamema.org\/de\/wp-json\/wp\/v2\/media\/410"}],"wp:attachment":[{"href":"https:\/\/maishamema.org\/de\/wp-json\/wp\/v2\/media?parent=259"}],"curies":[{"name":"wp","href":"https:\/\/api.w.org\/{rel}","templated":true}]}}